{"id":48,"date":"2024-02-10T11:16:21","date_gmt":"2024-02-10T10:16:21","guid":{"rendered":"https:\/\/schlegel-burkersdorf.de\/?page_id=48"},"modified":"2026-02-01T18:29:04","modified_gmt":"2026-02-01T17:29:04","slug":"fotoalbum","status":"publish","type":"page","link":"https:\/\/schlegel-burkersdorf.de\/?page_id=48","title":{"rendered":"Galerie"},"content":{"rendered":"\n<p class=\"has-small-font-size\">&#8211; Seite ist noch in Vorbereitung &#8211; <\/p>\n\n\n\n<p class=\"has-small-font-size\">Die Kriegerdenkmale vom 1. Weltkrieg an der Westseite der Kirche waren durch Verwitterung zum Teil unleserlich geworden. Sie wurden abgebaut und saniert wieder angebracht.<\/p>\n\n\n\n<p class=\"has-small-font-size\">Mit dem Verkauf der ehemaligen Schule finden Sitzungen des Ortschaftsrates, Sprechstunden des Ortsb\u00fcrgermeisters und Proben der Schlegler Blasmusikanten im sanierten Dorfgemeinschaftshaus statt.<\/p>\n\n\n\n<p class=\"has-small-font-size\">Das Geb\u00e4ude wird von der Biogasanlage der Agrargenossenschaft mit W\u00e4rme versorgt.<\/p>\n\n\n\n<p class=\"has-small-font-size\">Mit Umbau und Sanierung des Hauses, sowie der tollen Gestaltung des Saales ist ein sch\u00f6ner Treffpunkt f\u00fcr vielf\u00e4ltige Veranstaltungen geschaffen worden. Hier k\u00f6nnen u.a. Tr\u00f6delmarkt, Seniorenweihnachtsfeier und Weihnachtsmarkt, aber auch private Feiern stattfinden.<\/p>\n\n\n\n<p class=\"has-small-font-size\">Die bauf\u00e4lligen St\u00e4lle und Wohngeb\u00e4ude des ehemaligen Rittergutes wurden abgerissen und somit Bauland f\u00fcr 8 Eigenheime geschaffen.<\/p>\n\n\n\n<p class=\"has-small-font-size\">F\u00fcr die Verbesserung des Handyempfanges ist auf dem Gel\u00e4nde des ehemaligen Schweinekombinates eine Mobilfunkanlage errichtet worden.<\/p>\n\n\n\n<p class=\"has-small-font-size\">2017 entstand die neue Kirchbr\u00fccke und 2025 wurde die Br\u00fccke an der Dittelsdorfer Strasse neu errichtet.<\/p>\n\n\n\n<p class=\"has-small-font-size\">Im ehemaligen Schlosspark ist 2017 ein Kinderspielplatz er\u00f6ffnet worden.<\/p>\n\n\n\n<hr class=\"wp-block-separator has-alpha-channel-opacity\"\/>\n\n\n\n<div class=\"wp-block-buttons is-content-justification-center is-layout-flex wp-container-core-buttons-is-layout-a89b3969 wp-block-buttons-is-layout-flex\">\n<div class=\"wp-block-button\"><a class=\"wp-block-button__link has-vivid-cyan-blue-background-color has-background has-small-font-size has-custom-font-size wp-element-button\" href=\"https:\/\/schlegel-burkersdorf.de\/?page_id=46\">zur\u00fcck<\/a><\/div>\n\n\n\n<div class=\"wp-block-button\"><a class=\"wp-block-button__link has-vivid-cyan-blue-background-color has-background has-small-font-size has-custom-font-size wp-element-button\" href=\"https:\/\/schlegel-burkersdorf.de\/\">Start<\/a><\/div>\n<\/div>\n\n\n\n<hr class=\"wp-block-separator has-alpha-channel-opacity\"\/>\n\n\n\n<div style=\"height:65px\" aria-hidden=\"true\" class=\"wp-block-spacer\"><\/div>\n\n\n<ul class=\"wp-block-page-list has-small-font-size\"><li class=\"wp-block-pages-list__item menu-item-home\"><a class=\"wp-block-pages-list__item__link\" href=\"https:\/\/schlegel-burkersdorf.de\/\">Willkommen!<\/a><\/li><li class=\"wp-block-pages-list__item\"><a class=\"wp-block-pages-list__item__link\" href=\"https:\/\/schlegel-burkersdorf.de\/?page_id=32\">Daten &amp; Kontakt<\/a><\/li><li class=\"wp-block-pages-list__item\"><a class=\"wp-block-pages-list__item__link\" href=\"https:\/\/schlegel-burkersdorf.de\/?page_id=38\">Lage<\/a><\/li><li class=\"wp-block-pages-list__item\"><a class=\"wp-block-pages-list__item__link\" href=\"https:\/\/schlegel-burkersdorf.de\/?page_id=40\">Geschichte<\/a><\/li><li class=\"wp-block-pages-list__item\"><a class=\"wp-block-pages-list__item__link\" href=\"https:\/\/schlegel-burkersdorf.de\/?page_id=42\">Kirche<\/a><\/li><li class=\"wp-block-pages-list__item\"><a class=\"wp-block-pages-list__item__link\" href=\"https:\/\/schlegel-burkersdorf.de\/?page_id=44\">Vereine<\/a><\/li><li class=\"wp-block-pages-list__item\"><a class=\"wp-block-pages-list__item__link\" href=\"https:\/\/schlegel-burkersdorf.de\/?page_id=46\">Gewerbe<\/a><\/li><li class=\"wp-block-pages-list__item\"><a class=\"wp-block-pages-list__item__link\" href=\"https:\/\/schlegel-burkersdorf.de\/?page_id=48\">Galerie<\/a><\/li><li class=\"wp-block-pages-list__item\"><a class=\"wp-block-pages-list__item__link\" href=\"https:\/\/schlegel-burkersdorf.de\/?page_id=11\">Impressum &amp; Datenschutz<\/a><\/li><\/ul>","protected":false},"excerpt":{"rendered":"<p>&#8211; Seite ist noch in Vorbereitung &#8211; Die Kriegerdenkmale vom 1. Weltkrieg an der Westseite der Kirche waren durch Verwitterung zum Teil unleserlich geworden. Sie wurden abgebaut und saniert wieder angebracht. Mit dem Verkauf der ehemaligen Schule finden Sitzungen des Ortschaftsrates, Sprechstunden des Ortsb\u00fcrgermeisters und Proben der Schlegler Blasmusikanten im sanierten Dorfgemeinschaftshaus statt. Das Geb\u00e4ude [&hellip;]<\/p>\n","protected":false},"author":1,"featured_media":0,"parent":0,"menu_order":6,"comment_status":"closed","ping_status":"closed","template":"","meta":{"footnotes":""},"class_list":["post-48","page","type-page","status-publish","hentry"],"_links":{"self":[{"href":"https:\/\/schlegel-burkersdorf.de\/index.php?rest_route=\/wp\/v2\/pages\/48","targetHints":{"allow":["GET"]}}],"collection":[{"href":"https:\/\/schlegel-burkersdorf.de\/index.php?rest_route=\/wp\/v2\/pages"}],"about":[{"href":"https:\/\/schlegel-burkersdorf.de\/index.php?rest_route=\/wp\/v2\/types\/page"}],"author":[{"embeddable":true,"href":"https:\/\/schlegel-burkersdorf.de\/index.php?rest_route=\/wp\/v2\/users\/1"}],"replies":[{"embeddable":true,"href":"https:\/\/schlegel-burkersdorf.de\/index.php?rest_route=%2Fwp%2Fv2%2Fcomments&post=48"}],"version-history":[{"count":11,"href":"https:\/\/schlegel-burkersdorf.de\/index.php?rest_route=\/wp\/v2\/pages\/48\/revisions"}],"predecessor-version":[{"id":268,"href":"https:\/\/schlegel-burkersdorf.de\/index.php?rest_route=\/wp\/v2\/pages\/48\/revisions\/268"}],"wp:attachment":[{"href":"https:\/\/schlegel-burkersdorf.de\/index.php?rest_route=%2Fwp%2Fv2%2Fmedia&parent=48"}],"curies":[{"name":"wp","href":"https:\/\/api.w.org\/{rel}","templated":true}]}}