{"id":42,"date":"2024-02-10T11:10:49","date_gmt":"2024-02-10T10:10:49","guid":{"rendered":"https:\/\/schlegel-burkersdorf.de\/?page_id=42"},"modified":"2024-02-10T18:42:56","modified_gmt":"2024-02-10T17:42:56","slug":"kirche","status":"publish","type":"page","link":"https:\/\/schlegel-burkersdorf.de\/?page_id=42","title":{"rendered":"Kirche"},"content":{"rendered":"\n<figure class=\"wp-block-image alignright size-full\"><img loading=\"lazy\" decoding=\"async\" width=\"100\" height=\"600\" src=\"https:\/\/schlegel-burkersdorf.de\/wp-content\/uploads\/2024\/02\/kirchenrand.jpg\" alt=\"\" class=\"wp-image-85\" srcset=\"https:\/\/schlegel-burkersdorf.de\/wp-content\/uploads\/2024\/02\/kirchenrand.jpg 100w, https:\/\/schlegel-burkersdorf.de\/wp-content\/uploads\/2024\/02\/kirchenrand-50x300.jpg 50w\" sizes=\"auto, (max-width: 100px) 100vw, 100px\" \/><\/figure>\n\n\n\n<p class=\"has-small-font-size\">An Stelle einer kleinen Wehrkirche wurde 1845 nach den Pl\u00e4nen von Baumeister Schramm ein neues Gotteshaus gebaut &#8211; die heutige Johanniskirche Schlegel.<\/p>\n\n\n\n<p class=\"has-small-font-size\">Durch alle Zeiten hindurch sind hier Kinder getauft, Paare eingesegnet, Menschen in Freude und Trauer begleitet worden.<\/p>\n\n\n\n<p class=\"has-small-font-size\">Heute sind die Feste im Verlauf des Kirchenjahres &#8211; Konfirmation, Erntedankfest und Weihnachten &#8211; H\u00f6hepunkte im Gemeindeleben. Seit 1999 ist die Hubertusmesse, die von den Bl\u00e4sern mitgestaltet wird, ein besonderer Gottesdienst f\u00fcr J\u00e4ger, Kirchgemeinde und G\u00e4ste.<\/p>\n\n\n\n<p class=\"has-small-font-size\">Im Oktober 2020 feierte die Gemeinde mit einem Festgottesdienst das 175 j\u00e4hrige Kirchweihjubil\u00e4um. Anschlie\u00dfend wurden viele Aktivit\u00e4ten f\u00fcr jung und alt angeboten.<\/p>\n\n\n\n<p><\/p>\n\n\n\n<figure class=\"wp-block-image size-full\"><img loading=\"lazy\" decoding=\"async\" width=\"500\" height=\"600\" src=\"https:\/\/schlegel-burkersdorf.de\/wp-content\/uploads\/2024\/02\/kirche-2.jpg\" alt=\"\" class=\"wp-image-114\" srcset=\"https:\/\/schlegel-burkersdorf.de\/wp-content\/uploads\/2024\/02\/kirche-2.jpg 500w, https:\/\/schlegel-burkersdorf.de\/wp-content\/uploads\/2024\/02\/kirche-2-250x300.jpg 250w\" sizes=\"auto, (max-width: 500px) 100vw, 500px\" \/><\/figure>\n\n\n\n<p class=\"has-small-font-size\">Letzte gro\u00dfe Bauma\u00dfnahmen waren die Au\u00dfensanierung des Turmes 1994\/1995, die mit dem Aufsetzen der restaurierten Turmelemente beendet wurde, sowie die 1996 erfolgte Dacherneuerung. Im Jahre 2009 bekam die Kirche eine Heizung.<\/p>\n\n\n\n<p class=\"has-small-font-size\">Im Winter finden Gottesdienste und Veranstaltungen im Pfarrhaus statt.<\/p>\n\n\n\n<p class=\"has-small-font-size\">Das alte 1711 erbaute Pfarrhaus wurde durch Brandstiftung am 9. Mai 1945 v\u00f6llig vernichtet und damit auch s\u00e4mtliche aufbewahrten Dokumente.<\/p>\n\n\n\n<p><\/p>\n\n\n\n<figure class=\"wp-block-image size-full\"><img loading=\"lazy\" decoding=\"async\" width=\"300\" height=\"250\" src=\"https:\/\/schlegel-burkersdorf.de\/wp-content\/uploads\/2024\/02\/pfarre.jpg\" alt=\"\" class=\"wp-image-87\"\/><\/figure>\n\n\n\n<figure class=\"wp-block-image size-full\"><img loading=\"lazy\" decoding=\"async\" width=\"300\" height=\"250\" src=\"https:\/\/schlegel-burkersdorf.de\/wp-content\/uploads\/2024\/02\/pfarre_neu.jpg\" alt=\"\" class=\"wp-image-89\"\/><\/figure>\n\n\n\n<p class=\"has-small-font-size\">1951 begann der Bau des neuen Pfarrhauses, das 2 Jahre sp\u00e4ter \u00fcbergeben werden konnte.<\/p>\n\n\n\n<details class=\"wp-block-details has-small-font-size is-layout-flow wp-block-details-is-layout-flow\"><summary>Ansprechpartner in Siebenkirchen (bitte anklicken f\u00fcr mehr Details)<\/summary>\n<p>Verwaltung:<br>Evelyn Ebermann<br>Hirschfelder Str 5, 02788 Dittelsdorf<br>(035843) 25755<br>Dienstag 9-11 Uhr und 15-17 Uhr<\/p>\n\n\n\n<p>Pfarrer:<br>Martin Wappler<br>martin.wappler@evlks.de<br>Am Eckartsbach 2, 02763 Oberseifersdorf<br>03583 6963190<\/p>\n\n\n\n<p>Gemeindep\u00e4dagogin:<br>Stefanie Hirsch<br>stefanie.hirsch@evlks.de<br>Zittauer Str. 22, 02747 Herrnhut<br>035873 367368<\/p>\n<\/details>\n\n\n\n<hr class=\"wp-block-separator has-alpha-channel-opacity\"\/>\n\n\n\n<div class=\"wp-block-buttons is-content-justification-center is-layout-flex wp-container-core-buttons-is-layout-a89b3969 wp-block-buttons-is-layout-flex\">\n<div class=\"wp-block-button has-custom-font-size has-small-font-size\"><a class=\"wp-block-button__link has-vivid-cyan-blue-background-color has-background wp-element-button\" href=\"https:\/\/schlegel-burkersdorf.de\/?page_id=40\">zur\u00fcck<\/a><\/div>\n\n\n\n<div class=\"wp-block-button has-custom-font-size has-small-font-size\"><a class=\"wp-block-button__link has-vivid-cyan-blue-background-color has-background wp-element-button\" href=\"https:\/\/schlegel-burkersdorf.de\/?page_id=44\">weiter<\/a><\/div>\n<\/div>\n\n\n\n<hr class=\"wp-block-separator has-alpha-channel-opacity\"\/>\n\n\n\n<div style=\"height:65px\" aria-hidden=\"true\" class=\"wp-block-spacer\"><\/div>\n\n\n<ul class=\"wp-block-page-list has-small-font-size\"><li class=\"wp-block-pages-list__item menu-item-home\"><a class=\"wp-block-pages-list__item__link\" href=\"https:\/\/schlegel-burkersdorf.de\/\">Willkommen!<\/a><\/li><li class=\"wp-block-pages-list__item\"><a class=\"wp-block-pages-list__item__link\" href=\"https:\/\/schlegel-burkersdorf.de\/?page_id=32\">Daten &amp; Kontakt<\/a><\/li><li class=\"wp-block-pages-list__item\"><a class=\"wp-block-pages-list__item__link\" href=\"https:\/\/schlegel-burkersdorf.de\/?page_id=38\">Lage<\/a><\/li><li class=\"wp-block-pages-list__item\"><a class=\"wp-block-pages-list__item__link\" href=\"https:\/\/schlegel-burkersdorf.de\/?page_id=40\">Geschichte<\/a><\/li><li class=\"wp-block-pages-list__item\"><a class=\"wp-block-pages-list__item__link\" href=\"https:\/\/schlegel-burkersdorf.de\/?page_id=42\">Kirche<\/a><\/li><li class=\"wp-block-pages-list__item\"><a class=\"wp-block-pages-list__item__link\" href=\"https:\/\/schlegel-burkersdorf.de\/?page_id=44\">Vereine<\/a><\/li><li class=\"wp-block-pages-list__item\"><a class=\"wp-block-pages-list__item__link\" href=\"https:\/\/schlegel-burkersdorf.de\/?page_id=46\">Gewerbe<\/a><\/li><li class=\"wp-block-pages-list__item\"><a class=\"wp-block-pages-list__item__link\" href=\"https:\/\/schlegel-burkersdorf.de\/?page_id=48\">Galerie<\/a><\/li><li class=\"wp-block-pages-list__item\"><a class=\"wp-block-pages-list__item__link\" href=\"https:\/\/schlegel-burkersdorf.de\/?page_id=11\">Impressum &amp; Datenschutz<\/a><\/li><\/ul>","protected":false},"excerpt":{"rendered":"<p>An Stelle einer kleinen Wehrkirche wurde 1845 nach den Pl\u00e4nen von Baumeister Schramm ein neues Gotteshaus gebaut &#8211; die heutige Johanniskirche Schlegel. Durch alle Zeiten hindurch sind hier Kinder getauft, Paare eingesegnet, Menschen in Freude und Trauer begleitet worden. Heute sind die Feste im Verlauf des Kirchenjahres &#8211; Konfirmation, Erntedankfest und Weihnachten &#8211; H\u00f6hepunkte im [&hellip;]<\/p>\n","protected":false},"author":1,"featured_media":0,"parent":0,"menu_order":3,"comment_status":"closed","ping_status":"closed","template":"","meta":{"footnotes":""},"class_list":["post-42","page","type-page","status-publish","hentry"],"_links":{"self":[{"href":"https:\/\/schlegel-burkersdorf.de\/index.php?rest_route=\/wp\/v2\/pages\/42","targetHints":{"allow":["GET"]}}],"collection":[{"href":"https:\/\/schlegel-burkersdorf.de\/index.php?rest_route=\/wp\/v2\/pages"}],"about":[{"href":"https:\/\/schlegel-burkersdorf.de\/index.php?rest_route=\/wp\/v2\/types\/page"}],"author":[{"embeddable":true,"href":"https:\/\/schlegel-burkersdorf.de\/index.php?rest_route=\/wp\/v2\/users\/1"}],"replies":[{"embeddable":true,"href":"https:\/\/schlegel-burkersdorf.de\/index.php?rest_route=%2Fwp%2Fv2%2Fcomments&post=42"}],"version-history":[{"count":13,"href":"https:\/\/schlegel-burkersdorf.de\/index.php?rest_route=\/wp\/v2\/pages\/42\/revisions"}],"predecessor-version":[{"id":237,"href":"https:\/\/schlegel-burkersdorf.de\/index.php?rest_route=\/wp\/v2\/pages\/42\/revisions\/237"}],"wp:attachment":[{"href":"https:\/\/schlegel-burkersdorf.de\/index.php?rest_route=%2Fwp%2Fv2%2Fmedia&parent=42"}],"curies":[{"name":"wp","href":"https:\/\/api.w.org\/{rel}","templated":true}]}}